{"id":792,"date":"2022-07-25T10:37:07","date_gmt":"2022-07-25T08:37:07","guid":{"rendered":"http:\/\/dev74.hrenko.hu\/panarini\/impresszum\/"},"modified":"2022-08-15T11:48:56","modified_gmt":"2022-08-15T09:48:56","slug":"imprint","status":"publish","type":"page","link":"https:\/\/www.panarini.com\/en\/imprint\/","title":{"rendered":"Imprint"},"content":{"rendered":"\n<p>SERVICE PROVIDER<\/p>\n\n\n\n<p>Name: PANARINI Hung\u00e1ria Kft.<br>Address: 8393 Szentgy\u00f6rgyv\u00e1r, Fels\u0151m\u00e1nd puszta 26\/A<br>Court registered the Service Provider: Zalaegerszeg Court of Justice<br>Registration number: 20-09-075586\u00a0<br>Chamber membership: National Chamber of Agriculture<br>Tax number: 25966653-2-20<\/p>\n\n\n\n<p><br>CONTACTS<\/p>\n\n\n\n<p>Phone number: +36 30 897 3374<br>E-mail address: hello@panarini.com<br>Postal address: 8393 Szentgy\u00f6rgyv\u00e1r, Fels\u0151m\u00e1nd puszta 26\/A<\/p>\n\n\n\n<p><br>HOSTING OF WEBPAGE<\/p>\n\n\n\n<p>Name: Profi WebDesign Kft.<br>Address: 1136 Budapest, T\u00e1tra utca 5\/A.<br>E-mail address: iroda@profiwebdesign.hu<br>Phone number: +36 30\u00a0209 9538<\/p>\n","protected":false},"excerpt":{"rendered":"<p>SERVICE PROVIDER Name: PANARINI Hung\u00e1ria Kft.Address: 8393 Szentgy\u00f6rgyv\u00e1r, Fels\u0151m\u00e1nd puszta 26\/ACourt registered the Service Provider: Zalaegerszeg Court of JusticeRegistration number: 20-09-075586\u00a0Chamber membership: National Chamber of AgricultureTax number: 25966653-2-20 CONTACTS Phone number: +36 30 897 3374E-mail [&hellip;]<\/p>\n","protected":false},"author":1,"featured_media":0,"parent":0,"menu_order":0,"comment_status":"closed","ping_status":"closed","template":"","meta":{"inline_featured_image":false,"footnotes":""},"acf":[],"yoast_head":"<!-- This site is optimized with the Yoast SEO plugin v21.3 - https:\/\/yoast.com\/wordpress\/plugins\/seo\/ -->\n<title>Imprint - Panarini<\/title>\n<meta name=\"robots\" content=\"index, follow, max-snippet:-1, max-image-preview:large, max-video-preview:-1\" \/>\n<link rel=\"canonical\" href=\"https:\/\/www.panarini.com\/en\/imprint\/\" \/>\n<meta property=\"og:locale\" content=\"en_US\" \/>\n<meta property=\"og:type\" content=\"article\" \/>\n<meta property=\"og:title\" content=\"Imprint - Panarini\" \/>\n<meta property=\"og:description\" content=\"SERVICE PROVIDER Name: PANARINI Hung\u00e1ria Kft.Address: 8393 Szentgy\u00f6rgyv\u00e1r, Fels\u0151m\u00e1nd puszta 26\/ACourt registered the Service Provider: Zalaegerszeg Court of JusticeRegistration number: 20-09-075586\u00a0Chamber membership: National Chamber of AgricultureTax number: 25966653-2-20 CONTACTS Phone number: +36 30 897 3374E-mail [&hellip;]\" \/>\n<meta property=\"og:url\" content=\"https:\/\/www.panarini.com\/en\/imprint\/\" \/>\n<meta property=\"og:site_name\" content=\"Panarini\" \/>\n<meta property=\"article:modified_time\" content=\"2022-08-15T09:48:56+00:00\" \/>\n<meta name=\"twitter:card\" content=\"summary_large_image\" \/>\n<meta name=\"twitter:label1\" content=\"Est. reading time\" \/>\n\t<meta name=\"twitter:data1\" content=\"1 minute\" \/>\n<script type=\"application\/ld+json\" class=\"yoast-schema-graph\">{\"@context\":\"https:\/\/schema.org\",\"@graph\":[{\"@type\":\"WebPage\",\"@id\":\"https:\/\/www.panarini.com\/en\/imprint\/\",\"url\":\"https:\/\/www.panarini.com\/en\/imprint\/\",\"name\":\"Imprint - Panarini\",\"isPartOf\":{\"@id\":\"https:\/\/www.panarini.com\/#website\"},\"datePublished\":\"2022-07-25T08:37:07+00:00\",\"dateModified\":\"2022-08-15T09:48:56+00:00\",\"breadcrumb\":{\"@id\":\"https:\/\/www.panarini.com\/en\/imprint\/#breadcrumb\"},\"inLanguage\":\"en-US\",\"potentialAction\":[{\"@type\":\"ReadAction\",\"target\":[\"https:\/\/www.panarini.com\/en\/imprint\/\"]}]},{\"@type\":\"BreadcrumbList\",\"@id\":\"https:\/\/www.panarini.com\/en\/imprint\/#breadcrumb\",\"itemListElement\":[{\"@type\":\"ListItem\",\"position\":1,\"name\":\"Kezd\u0151lap\",\"item\":\"https:\/\/www.panarini.com\/en\/\"},{\"@type\":\"ListItem\",\"position\":2,\"name\":\"Imprint\"}]},{\"@type\":\"WebSite\",\"@id\":\"https:\/\/www.panarini.com\/#website\",\"url\":\"https:\/\/www.panarini.com\/\",\"name\":\"Panarini\",\"description\":\"\",\"publisher\":{\"@id\":\"https:\/\/www.panarini.com\/#organization\"},\"potentialAction\":[{\"@type\":\"SearchAction\",\"target\":{\"@type\":\"EntryPoint\",\"urlTemplate\":\"https:\/\/www.panarini.com\/?s={search_term_string}\"},\"query-input\":\"required name=search_term_string\"}],\"inLanguage\":\"en-US\"},{\"@type\":\"Organization\",\"@id\":\"https:\/\/www.panarini.com\/#organization\",\"name\":\"Panarini\",\"url\":\"https:\/\/www.panarini.com\/\",\"logo\":{\"@type\":\"ImageObject\",\"inLanguage\":\"en-US\",\"@id\":\"https:\/\/www.panarini.com\/#\/schema\/logo\/image\/\",\"url\":\"https:\/\/www.panarini.com\/wp-content\/uploads\/2022\/06\/logo.png\",\"contentUrl\":\"https:\/\/www.panarini.com\/wp-content\/uploads\/2022\/06\/logo.png\",\"width\":120,\"height\":90,\"caption\":\"Panarini\"},\"image\":{\"@id\":\"https:\/\/www.panarini.com\/#\/schema\/logo\/image\/\"}}]}<\/script>\n<!-- \/ Yoast SEO plugin. -->","yoast_head_json":{"title":"Imprint - Panarini","robots":{"index":"index","follow":"follow","max-snippet":"max-snippet:-1","max-image-preview":"max-image-preview:large","max-video-preview":"max-video-preview:-1"},"canonical":"https:\/\/www.panarini.com\/en\/imprint\/","og_locale":"en_US","og_type":"article","og_title":"Imprint - Panarini","og_description":"SERVICE PROVIDER Name: PANARINI Hung\u00e1ria Kft.Address: 8393 Szentgy\u00f6rgyv\u00e1r, Fels\u0151m\u00e1nd puszta 26\/ACourt registered the Service Provider: Zalaegerszeg Court of JusticeRegistration number: 20-09-075586\u00a0Chamber membership: National Chamber of AgricultureTax number: 25966653-2-20 CONTACTS Phone number: +36 30 897 3374E-mail [&hellip;]","og_url":"https:\/\/www.panarini.com\/en\/imprint\/","og_site_name":"Panarini","article_modified_time":"2022-08-15T09:48:56+00:00","twitter_card":"summary_large_image","twitter_misc":{"Est. reading time":"1 minute"},"schema":{"@context":"https:\/\/schema.org","@graph":[{"@type":"WebPage","@id":"https:\/\/www.panarini.com\/en\/imprint\/","url":"https:\/\/www.panarini.com\/en\/imprint\/","name":"Imprint - Panarini","isPartOf":{"@id":"https:\/\/www.panarini.com\/#website"},"datePublished":"2022-07-25T08:37:07+00:00","dateModified":"2022-08-15T09:48:56+00:00","breadcrumb":{"@id":"https:\/\/www.panarini.com\/en\/imprint\/#breadcrumb"},"inLanguage":"en-US","potentialAction":[{"@type":"ReadAction","target":["https:\/\/www.panarini.com\/en\/imprint\/"]}]},{"@type":"BreadcrumbList","@id":"https:\/\/www.panarini.com\/en\/imprint\/#breadcrumb","itemListElement":[{"@type":"ListItem","position":1,"name":"Kezd\u0151lap","item":"https:\/\/www.panarini.com\/en\/"},{"@type":"ListItem","position":2,"name":"Imprint"}]},{"@type":"WebSite","@id":"https:\/\/www.panarini.com\/#website","url":"https:\/\/www.panarini.com\/","name":"Panarini","description":"","publisher":{"@id":"https:\/\/www.panarini.com\/#organization"},"potentialAction":[{"@type":"SearchAction","target":{"@type":"EntryPoint","urlTemplate":"https:\/\/www.panarini.com\/?s={search_term_string}"},"query-input":"required name=search_term_string"}],"inLanguage":"en-US"},{"@type":"Organization","@id":"https:\/\/www.panarini.com\/#organization","name":"Panarini","url":"https:\/\/www.panarini.com\/","logo":{"@type":"ImageObject","inLanguage":"en-US","@id":"https:\/\/www.panarini.com\/#\/schema\/logo\/image\/","url":"https:\/\/www.panarini.com\/wp-content\/uploads\/2022\/06\/logo.png","contentUrl":"https:\/\/www.panarini.com\/wp-content\/uploads\/2022\/06\/logo.png","width":120,"height":90,"caption":"Panarini"},"image":{"@id":"https:\/\/www.panarini.com\/#\/schema\/logo\/image\/"}}]}},"_links":{"self":[{"href":"https:\/\/www.panarini.com\/en\/wp-json\/wp\/v2\/pages\/792"}],"collection":[{"href":"https:\/\/www.panarini.com\/en\/wp-json\/wp\/v2\/pages"}],"about":[{"href":"https:\/\/www.panarini.com\/en\/wp-json\/wp\/v2\/types\/page"}],"author":[{"embeddable":true,"href":"https:\/\/www.panarini.com\/en\/wp-json\/wp\/v2\/users\/1"}],"replies":[{"embeddable":true,"href":"https:\/\/www.panarini.com\/en\/wp-json\/wp\/v2\/comments?post=792"}],"version-history":[{"count":3,"href":"https:\/\/www.panarini.com\/en\/wp-json\/wp\/v2\/pages\/792\/revisions"}],"predecessor-version":[{"id":1158,"href":"https:\/\/www.panarini.com\/en\/wp-json\/wp\/v2\/pages\/792\/revisions\/1158"}],"wp:attachment":[{"href":"https:\/\/www.panarini.com\/en\/wp-json\/wp\/v2\/media?parent=792"}],"curies":[{"name":"wp","href":"https:\/\/api.w.org\/{rel}","templated":true}]}}